{"id":323,"date":"2019-09-17T21:48:22","date_gmt":"2019-09-17T19:48:22","guid":{"rendered":"https:\/\/www.satzwerkstatt-walter.de\/?page_id=323"},"modified":"2019-09-17T23:04:21","modified_gmt":"2019-09-17T21:04:21","slug":"technik","status":"publish","type":"page","link":"https:\/\/www.satzwerkstatt-walter.de\/?page_id=323","title":{"rendered":"Technik"},"content":{"rendered":"\n<h2>HP Designjet Z6 44 Zoll<\/h2>\n\n\n\n<ul><li>Wasserfeste und lichtbest\u00e4ndige Drucke f\u00fcr den Innen- und Au\u00dfenbereich<\/li><li> Pr\u00e4zisere Details und kontrastreichere Farben dank hochaufl\u00f6sender Druckk\u00f6pfe.<\/li><li> Gleichm\u00e4\u00dfige Farbverl\u00e4ufe selbst bei anspruchsvollen Farbkombinationen<\/li><li> Format max. A0 (118 cm Breite)<\/li><li> Pr\u00e4zise Farben in hoher Aufl\u00f6sung<\/li><li> Harmonische Farb\u00fcberg\u00e4nge, die beeindrucken<\/li><li> Druckqualit\u00e4t 2400 x 1200 dpi<\/li><li> Thermischer Tintenstrahldruck<\/li><li> Zwei automatische Rollenzuf\u00fchrungen + Einzelblattzufuhr<\/li><li> Automatische integrierte horizontale Schneidevorrichtung mit vertikalem Zuschneider auf das gew\u00fcnschte Endformat<\/li><\/ul>\n","protected":false},"excerpt":{"rendered":"<p>HP Designjet Z6 44 Zoll Wasserfeste und lichtbest\u00e4ndige Drucke f\u00fcr den Innen- und Au\u00dfenbereich Pr\u00e4zisere Details und kontrastreichere Farben dank hochaufl\u00f6sender Druckk\u00f6pfe. Gleichm\u00e4\u00dfige Farbverl\u00e4ufe selbst bei anspruchsvollen Farbkombinationen Format max. A0 (118 cm Breite) Pr\u00e4zise Farben in hoher Aufl\u00f6sung Harmonische Farb\u00fcberg\u00e4nge, die beeindrucken Druckqualit\u00e4t 2400 x 1200 dpi Thermischer Tintenstrahldruck Zwei automatische Rollenzuf\u00fchrungen + Einzelblattzufuhr &hellip; <\/p>\n<p class=\"link-more\"><a href=\"https:\/\/www.satzwerkstatt-walter.de\/?page_id=323\" class=\"more-link\"><span class=\"screen-reader-text\">\u201eTechnik\u201c<\/span> weiterlesen<\/a><\/p>\n","protected":false},"author":1,"featured_media":371,"parent":0,"menu_order":0,"comment_status":"closed","ping_status":"closed","template":"","meta":[],"_links":{"self":[{"href":"https:\/\/www.satzwerkstatt-walter.de\/index.php?rest_route=\/wp\/v2\/pages\/323"}],"collection":[{"href":"https:\/\/www.satzwerkstatt-walter.de\/index.php?rest_route=\/wp\/v2\/pages"}],"about":[{"href":"https:\/\/www.satzwerkstatt-walter.de\/index.php?rest_route=\/wp\/v2\/types\/page"}],"author":[{"embeddable":true,"href":"https:\/\/www.satzwerkstatt-walter.de\/index.php?rest_route=\/wp\/v2\/users\/1"}],"replies":[{"embeddable":true,"href":"https:\/\/www.satzwerkstatt-walter.de\/index.php?rest_route=%2Fwp%2Fv2%2Fcomments&post=323"}],"version-history":[{"count":4,"href":"https:\/\/www.satzwerkstatt-walter.de\/index.php?rest_route=\/wp\/v2\/pages\/323\/revisions"}],"predecessor-version":[{"id":327,"href":"https:\/\/www.satzwerkstatt-walter.de\/index.php?rest_route=\/wp\/v2\/pages\/323\/revisions\/327"}],"wp:featuredmedia":[{"embeddable":true,"href":"https:\/\/www.satzwerkstatt-walter.de\/index.php?rest_route=\/wp\/v2\/media\/371"}],"wp:attachment":[{"href":"https:\/\/www.satzwerkstatt-walter.de\/index.php?rest_route=%2Fwp%2Fv2%2Fmedia&parent=323"}],"curies":[{"name":"wp","href":"https:\/\/api.w.org\/{rel}","templated":true}]}}