{"id":71,"date":"2016-03-25T20:49:31","date_gmt":"2016-03-25T20:49:31","guid":{"rendered":"http:\/\/satzwerkstatt-walter.de\/?page_id=71"},"modified":"2019-09-18T20:38:48","modified_gmt":"2019-09-18T18:38:48","slug":"leistungen","status":"publish","type":"page","link":"https:\/\/www.satzwerkstatt-walter.de\/","title":{"rendered":"Leistungen"},"content":{"rendered":"\n<h3>Gro\u00dfformatdruck ab Auflage 1 von z.B..:<\/h3>\n\n\n\n<ul><li>Poster<\/li><li>Plakate<\/li><li>CAD Zeichnungen<\/li><li>Fotos<\/li><li>Kunstdrucke<\/li><li>Aufkleber<\/li><\/ul>\n\n\n\n<h3>Gestaltung von Printmedien wie z.B.:<\/h3>\n\n\n\n<ul><li>Logos<\/li><li>Visitenkarten<\/li><li>Briefbogen<\/li><li>Blocks<\/li><li>Mappen<\/li><li>Flyer<\/li><li>Brosch\u00fcren<\/li><li>Kataloge<\/li><li>Preislisten<\/li><li>Ordner<\/li><li>Plakate<\/li><li>Zeitschriften<\/li><li>Magazine<\/li><li>B\u00fccher<\/li><\/ul>\n\n\n\n<h3>weitere Leistungen:<\/h3>\n\n\n\n<ul><li>Erstellen von druckf\u00e4higen Daten aus z.B. Word oder Powerpoint<\/li><li>Optimierter Einkauf f\u00fcr Drucksachen inkl. Pr\u00fcfung Ihrer gestellten Druckdaten<\/li><li>Produktions\u00fcberwachung<\/li><li>Auftragsabwicklung<\/li><li>Laserschnitte und Gravuren<\/li><li>Erstellung von Websites in WordPress inkl. Shopsystem<\/li><\/ul>\n\n\n\n<h2><\/h2>\n","protected":false},"excerpt":{"rendered":"<p>Gro\u00dfformatdruck ab Auflage 1 von z.B..: Poster Plakate CAD Zeichnungen Fotos Kunstdrucke Aufkleber Gestaltung von Printmedien wie z.B.: Logos Visitenkarten Briefbogen Blocks Mappen Flyer Brosch\u00fcren Kataloge Preislisten Ordner Plakate Zeitschriften Magazine B\u00fccher weitere Leistungen: Erstellen von druckf\u00e4higen Daten aus z.B. Word oder Powerpoint Optimierter Einkauf f\u00fcr Drucksachen inkl. Pr\u00fcfung Ihrer gestellten Druckdaten Produktions\u00fcberwachung Auftragsabwicklung Laserschnitte &hellip; <\/p>\n<p class=\"link-more\"><a href=\"https:\/\/www.satzwerkstatt-walter.de\/\" class=\"more-link\"><span class=\"screen-reader-text\">\u201eLeistungen\u201c<\/span> weiterlesen<\/a><\/p>\n","protected":false},"author":1,"featured_media":260,"parent":0,"menu_order":0,"comment_status":"closed","ping_status":"closed","template":"","meta":[],"_links":{"self":[{"href":"https:\/\/www.satzwerkstatt-walter.de\/index.php?rest_route=\/wp\/v2\/pages\/71"}],"collection":[{"href":"https:\/\/www.satzwerkstatt-walter.de\/index.php?rest_route=\/wp\/v2\/pages"}],"about":[{"href":"https:\/\/www.satzwerkstatt-walter.de\/index.php?rest_route=\/wp\/v2\/types\/page"}],"author":[{"embeddable":true,"href":"https:\/\/www.satzwerkstatt-walter.de\/index.php?rest_route=\/wp\/v2\/users\/1"}],"replies":[{"embeddable":true,"href":"https:\/\/www.satzwerkstatt-walter.de\/index.php?rest_route=%2Fwp%2Fv2%2Fcomments&post=71"}],"version-history":[{"count":21,"href":"https:\/\/www.satzwerkstatt-walter.de\/index.php?rest_route=\/wp\/v2\/pages\/71\/revisions"}],"predecessor-version":[{"id":399,"href":"https:\/\/www.satzwerkstatt-walter.de\/index.php?rest_route=\/wp\/v2\/pages\/71\/revisions\/399"}],"wp:featuredmedia":[{"embeddable":true,"href":"https:\/\/www.satzwerkstatt-walter.de\/index.php?rest_route=\/wp\/v2\/media\/260"}],"wp:attachment":[{"href":"https:\/\/www.satzwerkstatt-walter.de\/index.php?rest_route=%2Fwp%2Fv2%2Fmedia&parent=71"}],"curies":[{"name":"wp","href":"https:\/\/api.w.org\/{rel}","templated":true}]}}